{"id":1961,"date":"2025-12-29T12:16:38","date_gmt":"2025-12-29T12:16:38","guid":{"rendered":"https:\/\/americaneliteschool.pl\/?page_id=1961"},"modified":"2026-02-20T22:14:28","modified_gmt":"2026-02-20T22:14:28","slug":"dzien-otwarty-gimnazjum","status":"publish","type":"page","link":"https:\/\/americaneliteschool.pl\/pl\/dzien-otwarty-gimnazjum\/","title":{"rendered":"Open day middle + high school"},"content":{"rendered":"<div data-elementor-type=\"wp-page\" data-elementor-id=\"1961\" class=\"elementor elementor-1961\" data-elementor-post-type=\"page\">\n\t\t\t\t\t\t<section class=\"elementor-section elementor-top-section elementor-element elementor-element-f6c7433 elementor-section-content-middle elementor-section-boxed elementor-section-height-default elementor-section-height-default\" data-id=\"f6c7433\" data-element_type=\"section\" data-settings=\"{&quot;background_background&quot;:&quot;classic&quot;}\">\n\t\t\t\t\t\t<div class=\"elementor-container elementor-column-gap-no\">\n\t\t\t\t\t<div class=\"elementor-column elementor-col-100 elementor-top-column elementor-element elementor-element-d24e66c\" data-id=\"d24e66c\" data-element_type=\"column\">\n\t\t\t<div class=\"elementor-widget-wrap elementor-element-populated\">\n\t\t\t\t\t\t<div class=\"elementor-element elementor-element-c28cefb elementor-widget__width-inherit elementor-hidden-desktop elementor-hidden-tablet elementor-widget elementor-widget-heading\" data-id=\"c28cefb\" data-element_type=\"widget\" data-widget_type=\"heading.default\">\n\t\t\t\t\t<h2 class=\"elementor-heading-title elementor-size-default\"><a href=\"#forma%20dni%20otwarte\">DZIE\u0143 OTWARTY<br>\n28 MARCA 2026 | 10:00-14:00<br>\nGimnazjum: klasy 4\u20138 + (nowo\u015b\u0107!) Liceum: klasy 1\u20132<\/a><\/h2>\t\t\t\t<\/div>\n\t\t\t\t<div class=\"elementor-element elementor-element-2f256e6 elementor-mobile-align-center elementor-hidden-desktop elementor-widget elementor-widget-button\" data-id=\"2f256e6\" data-element_type=\"widget\" data-widget_type=\"button.default\">\n\t\t\t\t\t\t\t\t\t\t<a class=\"elementor-button elementor-button-link elementor-size-sm\" href=\"#forma%20dni%20otwarte\">\n\t\t\t\t\t\t<span class=\"elementor-button-content-wrapper\">\n\t\t\t\t\t\t\t\t\t<span class=\"elementor-button-text\">Zarejestruj si\u0119<\/span>\n\t\t\t\t\t<\/span>\n\t\t\t\t\t<\/a>\n\t\t\t\t\t\t\t\t<\/div>\n\t\t\t\t<div class=\"elementor-element elementor-element-6fb3ac4 elementor-widget__width-inherit elementor-hidden-mobile elementor-widget elementor-widget-heading\" data-id=\"6fb3ac4\" data-element_type=\"widget\" data-widget_type=\"heading.default\">\n\t\t\t\t\t<h2 class=\"elementor-heading-title elementor-size-default\"><a href=\"#forma%20dni%20otwarte\">DZIE\u0143 OTWARTY<br>\n28 MARCA 2026 | 10:00-14:00<br>\nGimnazjum: klasy 4\u20138 + (nowo\u015b\u0107!) Liceum: klasy 1\u20132<\/a><\/h2>\t\t\t\t<\/div>\n\t\t\t\t\t<\/div>\n\t\t<\/div>\n\t\t\t\t\t<\/div>\n\t\t<\/section>\n\t\t\t\t<section class=\"elementor-section elementor-top-section elementor-element elementor-element-6d4c338 elementor-section-content-middle elementor-section-boxed elementor-section-height-default elementor-section-height-default\" data-id=\"6d4c338\" data-element_type=\"section\" data-settings=\"{&quot;background_background&quot;:&quot;classic&quot;}\">\n\t\t\t\t\t\t<div class=\"elementor-container elementor-column-gap-no\">\n\t\t\t\t\t<div class=\"elementor-column elementor-col-100 elementor-top-column elementor-element elementor-element-a3c3e02\" data-id=\"a3c3e02\" data-element_type=\"column\">\n\t\t\t<div class=\"elementor-widget-wrap elementor-element-populated\">\n\t\t\t\t\t\t<div class=\"elementor-element elementor-element-4b75c5d elementor-widget elementor-widget-image\" data-id=\"4b75c5d\" data-element_type=\"widget\" data-widget_type=\"image.default\">\n\t\t\t\t\t\t\t\t\t\t\t\t\t\t\t<img fetchpriority=\"high\" decoding=\"async\" width=\"1200\" height=\"628\" src=\"https:\/\/americaneliteschool.pl\/wp-content\/uploads\/2025\/12\/Group-747-2.png\" class=\"attachment-full size-full wp-image-1999\" alt=\"\" srcset=\"https:\/\/americaneliteschool.pl\/wp-content\/uploads\/2025\/12\/Group-747-2.png 1200w, https:\/\/americaneliteschool.pl\/wp-content\/uploads\/2025\/12\/Group-747-2-300x157.png 300w, https:\/\/americaneliteschool.pl\/wp-content\/uploads\/2025\/12\/Group-747-2-1024x536.png 1024w, https:\/\/americaneliteschool.pl\/wp-content\/uploads\/2025\/12\/Group-747-2-768x402.png 768w, https:\/\/americaneliteschool.pl\/wp-content\/uploads\/2025\/12\/Group-747-2-18x9.png 18w\" sizes=\"(max-width: 1200px) 100vw, 1200px\" \/>\t\t\t\t\t\t\t\t\t\t\t\t\t\t\t<\/div>\n\t\t\t\t\t<\/div>\n\t\t<\/div>\n\t\t\t\t\t<\/div>\n\t\t<\/section>\n\t\t<div class=\"elementor-element elementor-element-a0d2b93 e-flex e-con-boxed e-con e-parent\" data-id=\"a0d2b93\" data-element_type=\"container\">\n\t\t\t\t\t<div class=\"e-con-inner\">\n\t\t<div class=\"elementor-element elementor-element-a37a7cc e-con-full e-flex e-con e-child\" data-id=\"a37a7cc\" data-element_type=\"container\">\n\t\t\t\t<div class=\"elementor-element elementor-element-63c750c elementor-widget elementor-widget-text-editor\" data-id=\"63c750c\" data-element_type=\"widget\" data-widget_type=\"text-editor.default\">\n\t\t\t\t\t\t\t\t\t<p data-start=\"0\" data-end=\"126\"><strong data-start=\"0\" data-end=\"126\">Dzie\u0144 otwarty w American Elite School \u2013 odkryj \u015bcie\u017ck\u0119 edukacyjn\u0105 od gimnazjum do (nowej!) szko\u0142y \u015bredniej, stworzon\u0105 z my\u015bl\u0105 o globalnej przysz\u0142o\u015bci!<\/strong><\/p><p>\ud83d\udccd <a href=\"https:\/\/maps.app.goo.gl\/oN4GW8oKjkKzG3mR8\">Warszawa, Aleja Wy\u015bcigowa 8A, 02-681<\/a><br \/>Sobota, 28 marca<br \/>\ud83d\udd59 10:00 \u2013 14:00<\/p><p data-start=\"233\" data-end=\"421\">Zapraszamy rodzic\u00f3w, kt\u00f3rzy chc\u0105 zapewni\u0107 swoim dzieciom ambitn\u0105, mi\u0119dzynarodow\u0105 edukacj\u0119 w sprzyjaj\u0105cym \u015brodowisku \u2014 teraz obejmuj\u0105cym r\u00f3wnie\u017c <strong data-start=\"363\" data-end=\"393\">Gimnazjum (klasy 4\u20138)<\/strong> i <strong data-start=\"398\" data-end=\"420\">(nowo\u015b\u0107!) Szko\u0142a \u015brednia<\/strong>.<\/p><p data-start=\"423\" data-end=\"670\">Podczas Dnia Otwartego odkryjesz American Elite School \u2014 miejsce, w kt\u00f3rym <strong data-start=\"500\" data-end=\"523\">Ameryka\u0144ski program nauczania<\/strong>, <strong data-start=\"525\" data-end=\"551\">zindywidualizowane wsparcie<\/strong>, i <strong data-start=\"557\" data-end=\"591\">praktyczne kompetencje globalne<\/strong> pomaga\u0107 uczniom sta\u0107 si\u0119 pewnymi siebie, niezale\u017cnymi uczniami gotowymi na kolejne wyzwania.<\/p><p data-start=\"672\" data-end=\"858\">\ud83d\udca5 <strong data-start=\"675\" data-end=\"718\">Oferta tylko dla uczestnik\u00f3w \u2013 Early Birds<\/strong><br data-start=\"718\" data-end=\"721\" \/>Rodziny, kt\u00f3re wezm\u0105 udzia\u0142 w wydarzeniu i zapisz\u0105 si\u0119 do pocz\u0105tku stycznia, mog\u0105 zapewni\u0107 sobie obecne stawki czesnego. Oferta ta jest dost\u0119pna tylko raz w roku.<\/p>\t\t\t\t\t\t\t\t<\/div>\n\t\t\t\t<div class=\"elementor-element elementor-element-b823806 elementor-widget elementor-widget-text-editor\" data-id=\"b823806\" data-element_type=\"widget\" data-widget_type=\"text-editor.default\">\n\t\t\t\t\t\t\t\t\t<p data-pm-slice=\"0 0 []\">\ud83d\udd0d Dlaczego warto do nas do\u0142\u0105czy\u0107?<\/p><p>\ud83d\udd39<strong> Zobacz, jak wygl\u0105da codzienna nauka w mi\u0119dzynarodowej szkole, gdzie<\/strong> wszystkie instrukcje s\u0105 przekazywane w j\u0119zyku angielskim.<\/p><p>\ud83d\udd39 Odkryj<strong> Ameryka\u0144ski program nauczania<\/strong> budowanie niezale\u017cno\u015bci, kreatywno\u015bci, krytycznego my\u015blenia i pewno\u015bci siebie.<\/p><p>\ud83d\udd39 Dowiedz si\u0119, jak nasze<strong> system podw\u00f3jnego dyplomu (polski + ameryka\u0144ski)<\/strong> otwiera \u015bcie\u017cki akademickie na ca\u0142ym \u015bwiecie.<\/p><p>\ud83d\udd39 Spotkaj si\u0119 z naszym zespo\u0142em kierowniczym i nauczycielami \u2013 <strong>Przedstawimy Pa\u0144stwu nasz\u0105 filozofi\u0119, metody nauczania oraz kultur\u0119 wsparcia, kt\u00f3r\u0105 tworzymy dla ka\u017cdego dziecka.<\/strong><\/p><p>\ud83d\udd39 Odkryj nasze <strong>programy pozalekcyjne<\/strong> \u2013 gimnastyka, tenis, p\u0142ywanie, szachy oraz zaj\u0119cia rozwijaj\u0105ce indywidualne talenty uczni\u00f3w.<\/p><p>\ud83d\udd39 Dowiedz si\u0119, jak wspieramy rodzic\u00f3w \u2013 <strong>opieka pozaszkolna wliczona w czesne, wsparcie j\u0119zykowe oraz opcjonalna nauka online.<\/strong><\/p><p>\ud83d\udd39 <strong>We\u017a udzia\u0142 w wycieczce z przewodnikiem po szkole i poznaj zaprojektowane przestrzenie.<\/strong> aby uczniowie czuli si\u0119 bezpiecznie, byli zainspirowani i ch\u0119tni do nauki.<\/p><p>\ud83d\udd39<strong> Do\u0142\u0105cz do naszej sesji pyta\u0144 i odpowiedzi<\/strong> \u2013 odpowiemy na Pa\u0144stwa pytania dotycz\u0105ce rekrutacji, programu nauczania, codziennych zaj\u0119\u0107 oraz tego, w jaki spos\u00f3b zaspokajamy indywidualne potrzeby ka\u017cdego dziecka.<\/p>\t\t\t\t\t\t\t\t<\/div>\n\t\t\t\t<\/div>\n\t\t<div class=\"elementor-element elementor-element-8c27e69 e-con-full e-flex e-con e-child\" data-id=\"8c27e69\" data-element_type=\"container\">\n\t\t\t\t<div class=\"elementor-element elementor-element-194f61e elementor-widget elementor-widget-text-editor\" data-id=\"194f61e\" data-element_type=\"widget\" data-widget_type=\"text-editor.default\">\n\t\t\t\t\t\t\t\t\t<p data-start=\"2026\" data-end=\"2182\"><strong data-start=\"2026\" data-end=\"2046\">Dla kogo to jest?<br \/><br \/><\/strong>Dla rodzic\u00f3w uczni\u00f3w w <strong data-start=\"2076\" data-end=\"2106\">Gimnazjum<\/strong> (Oceny<strong data-start=\"2076\" data-end=\"2106\"> 4\u20138)<\/strong> oraz rodziny zainteresowane nasz\u0105 ofert\u0105 <strong data-start=\"2138\" data-end=\"2160\">(nowo\u015b\u0107!) Szko\u0142a \u015brednia<\/strong>, kt\u00f3rzy szukaj\u0105:<\/p><ul data-start=\"2184\" data-end=\"2442\"><li data-start=\"2184\" data-end=\"2215\"><p data-start=\"2186\" data-end=\"2215\">an <strong data-start=\"2189\" data-end=\"2212\">Ameryka\u0144ski program nauczania<\/strong>,<\/p><\/li><li data-start=\"2216\" data-end=\"2259\"><p data-start=\"2218\" data-end=\"2259\">zaj\u0119cia prowadzone w ca\u0142o\u015bci w j\u0119zyku <strong data-start=\"2245\" data-end=\"2256\">angielski<\/strong>,<\/p><\/li><li data-start=\"2260\" data-end=\"2316\"><p data-start=\"2262\" data-end=\"2316\">mi\u0119dzynarodowy i kulturowy <strong>r\u00f3\u017cnorodne \u015brodowisko,<\/strong><\/p><\/li><li data-start=\"2317\" data-end=\"2370\"><p data-start=\"2319\" data-end=\"2370\">a<strong> wysoki standard<\/strong>, ambitne podej\u015bcie do edukacji,<\/p><\/li><li data-start=\"2371\" data-end=\"2442\"><p data-start=\"2373\" data-end=\"2442\">oraz przygotowanie do globalnych mo\u017cliwo\u015bci \u2014 zar\u00f3wno akademickich, jak i osobistych.<\/p><\/li><\/ul>\t\t\t\t\t\t\t\t<\/div>\n\t\t\t\t<div class=\"elementor-element elementor-element-fb3b5ad elementor-hidden-mobile elementor-widget elementor-widget-html\" data-id=\"fb3b5ad\" data-element_type=\"widget\" data-widget_type=\"html.default\">\n\t\t\t\t\t<iframe src=\"https:\/\/www.google.com\/maps\/embed?pb=!1m18!1m12!1m3!1d2447.2620466159983!2d21.0125074!3d52.1659289!2m3!1f0!2f0!3f0!3m2!1i1024!2i768!4f13.1!3m3!1m2!1s0x471933dc1f7097d5%3A0xb9954f4e36e31a5a!2sAmerican%20Elite%20School!5e0!3m2!1spl!2spl!4v1764750165003!5m2!1spl!2spl\" width=\"600\" height=\"450\" style=\"border:0;\" allowfullscreen=\"\" loading=\"lazy\" referrerpolicy=\"no-referrer-when-downgrade\"><\/iframe>\t\t\t\t<\/div>\n\t\t\t\t<\/div>\n\t\t\t\t\t<\/div>\n\t\t\t\t<\/div>\n\t\t<div class=\"elementor-element elementor-element-2f9b7a7 e-flex e-con-boxed e-con e-parent\" data-id=\"2f9b7a7\" data-element_type=\"container\" data-settings=\"{&quot;background_background&quot;:&quot;classic&quot;}\">\n\t\t\t\t\t<div class=\"e-con-inner\">\n\t\t<div class=\"elementor-element elementor-element-f78cbc6 e-con-full e-flex e-con e-child\" data-id=\"f78cbc6\" data-element_type=\"container\">\n\t\t\t\t<div class=\"elementor-element elementor-element-e67f296 elementor-widget elementor-widget-heading\" data-id=\"e67f296\" data-element_type=\"widget\" data-widget_type=\"heading.default\">\n\t\t\t\t\t<h2 class=\"elementor-heading-title elementor-size-default\">DZIE\u0143 OTWARTY<\/h2>\t\t\t\t<\/div>\n\t\t\t\t<div class=\"elementor-element elementor-element-ccb96f1 elementor-widget elementor-widget-heading\" data-id=\"ccb96f1\" data-element_type=\"widget\" data-widget_type=\"heading.default\">\n\t\t\t\t\t<h2 class=\"elementor-heading-title elementor-size-default\">SZKO\u0141A \u015aREDNIA + LICEUM<\/h2>\t\t\t\t<\/div>\n\t\t\t\t<div class=\"elementor-element elementor-element-bd6ecf6 elementor-widget elementor-widget-text-editor\" data-id=\"bd6ecf6\" data-element_type=\"widget\" data-widget_type=\"text-editor.default\">\n\t\t\t\t\t\t\t\t\t<div class=\"sc-ilhmMj chukag sc-jIRcFI sc-itMJkM kHCrWL hycOkp\" data-ats-wb-element=\"text\"><div class=\"sc-cwSeag eYPezj\"><div class=\"sc-Dmqmp bohxsP\"><div><p><span class=\"fontSizeMark\"><span class=\"text-color\">Podaj sw\u00f3j adres e-mail, a my wy\u015blemy Ci <\/span><span class=\"text-color\"><strong>przypomnienie tu\u017c przed wydarzeniem<\/strong><\/span><span class=\"text-color\">, aby Twoja rodzina nie przegapi\u0142a tej wa\u017cnej okazji.<\/span><\/span><\/p><\/div><\/div><\/div><\/div>\t\t\t\t\t\t\t\t<\/div>\n\t\t\t\t<div class=\"elementor-element elementor-element-70289f1 elementor-widget elementor-widget-text-editor\" data-id=\"70289f1\" data-element_type=\"widget\" data-widget_type=\"text-editor.default\">\n\t\t\t\t\t\t\t\t\t<p>28 marca 2026 r.<\/p>\t\t\t\t\t\t\t\t<\/div>\n\t\t\t\t<div class=\"elementor-element elementor-element-3a63645 elementor-button-align-center elementor-widget__width-initial elementor-widget elementor-widget-form\" data-id=\"3a63645\" data-element_type=\"widget\" data-settings=\"{&quot;step_next_label&quot;:&quot;Next&quot;,&quot;step_previous_label&quot;:&quot;Previous&quot;,&quot;button_width&quot;:&quot;100&quot;,&quot;step_type&quot;:&quot;number_text&quot;,&quot;step_icon_shape&quot;:&quot;circle&quot;}\" data-widget_type=\"form.default\">\n\t\t\t\t\t\t\t<form class=\"elementor-form\" method=\"post\" name=\"New Form\" aria-label=\"Nowy formularz\" action=\"\">\n\t\t\t<input type=\"hidden\" name=\"post_id\" value=\"1961\"\/>\n\t\t\t<input type=\"hidden\" name=\"form_id\" value=\"3a63645\"\/>\n\t\t\t<input type=\"hidden\" name=\"referer_title\" value=\"Open day middle + high school\" \/>\n\n\t\t\t\t\t\t\t<input type=\"hidden\" name=\"queried_id\" value=\"1961\"\/>\n\t\t\t\n\t\t\t<div class=\"elementor-form-fields-wrapper elementor-labels-\">\n\t\t\t\t\t\t\t\t<div class=\"elementor-field-type-text elementor-field-group elementor-column elementor-field-group-name elementor-col-100\">\n\t\t\t\t\t\t\t\t\t\t\t\t<label for=\"form-field-name\" class=\"elementor-field-label elementor-screen-only\">\n\t\t\t\t\t\t\t\tnazwa*\t\t\t\t\t\t\t<\/label>\n\t\t\t\t\t\t\t\t\t\t\t\t\t\t<input size=\"1\" type=\"text\" name=\"form_fields[name]\" id=\"form-field-name\" class=\"elementor-field elementor-size-sm  elementor-field-textual\" placeholder=\"nazwa*\">\n\t\t\t\t\t\t\t\t\t\t\t<\/div>\n\t\t\t\t\t\t\t\t<div class=\"elementor-field-type-email elementor-field-group elementor-column elementor-field-group-email elementor-col-100 elementor-field-required\">\n\t\t\t\t\t\t\t\t\t\t\t\t<label for=\"form-field-email\" class=\"elementor-field-label elementor-screen-only\">\n\t\t\t\t\t\t\t\te-mail*\t\t\t\t\t\t\t<\/label>\n\t\t\t\t\t\t\t\t\t\t\t\t\t\t<input size=\"1\" type=\"email\" name=\"form_fields[email]\" id=\"form-field-email\" class=\"elementor-field elementor-size-sm  elementor-field-textual\" placeholder=\"e-mail*\" required=\"required\">\n\t\t\t\t\t\t\t\t\t\t\t<\/div>\n\t\t\t\t\t\t\t\t<div class=\"elementor-field-type-tel elementor-field-group elementor-column elementor-field-group-Phone elementor-col-100\">\n\t\t\t\t\t\t\t\t\t\t\t\t<label for=\"form-field-Phone\" class=\"elementor-field-label elementor-screen-only\">\n\t\t\t\t\t\t\t\tNumer telefonu\t\t\t\t\t\t\t<\/label>\n\t\t\t\t\t\t<span class=\"ccfef-editor-intl-input\" data-id=\"form-field-Phone\" data-field-id=\"2958925\" data-default-country=\"pl\" data-include-countries=\"\" data-exclude-countries=\"\" data-dial-code-visibility=\"show\" data-strict-mode=\"no\" style=\"display: none;\"><\/span>\t\t<input size=\"1\" type=\"tel\" name=\"form_fields[Phone]\" id=\"form-field-Phone\" class=\"elementor-field elementor-size-sm  elementor-field-textual\" pattern=\"[0-9()#&amp;+*-=.]+\" title=\"Akceptowane s\u0105 wy\u0142\u0105cznie cyfry i znaki telefoniczne (#, -, * itp.).\">\n\n\t\t\t\t\t\t<\/div>\n\t\t\t\t\t\t\t\t<div class=\"elementor-field-type-acceptance elementor-field-group elementor-column elementor-field-group-field_26687d1 elementor-col-100\">\n\t\t\t\t\t\t\t<div class=\"elementor-field-subgroup\">\n\t\t\t<span class=\"elementor-field-option\">\n\t\t\t\t<input type=\"checkbox\" name=\"form_fields[field_26687d1]\" id=\"form-field-field_26687d1\" class=\"elementor-field elementor-size-sm  elementor-acceptance-field\">\n\t\t\t\t<label for=\"form-field-field_26687d1\"><span style=\"font-size: 10px; line-height: 0px;color:#EFD008FF;\">Wyra\u017cam zgod\u0119 na otrzymywanie informacji handlowych dotycz\u0105cych ofert, wydarze\u0144 i promocji za po\u015brednictwem \u015brodk\u00f3w komunikacji elektronicznej. Zgod\u0119 t\u0119 mo\u017cna wycofa\u0107 w dowolnym momencie. *<\/span><\/label>\t\t\t<\/span>\n\t\t<\/div>\n\t\t\t\t\t\t<\/div>\n\t\t\t\t\t\t\t\t<div class=\"elementor-field-group elementor-column elementor-field-type-submit elementor-col-100 e-form__buttons\">\n\t\t\t\t\t<button class=\"elementor-button elementor-size-sm\" type=\"submit\">\n\t\t\t\t\t\t<span class=\"elementor-button-content-wrapper\">\n\t\t\t\t\t\t\t\t\t\t\t\t\t\t\t\t\t\t\t\t\t\t<span class=\"elementor-button-text\">Zarejestruj si\u0119<\/span>\n\t\t\t\t\t\t\t\t\t\t\t\t\t<\/span>\n\t\t\t\t\t<\/button>\n\t\t\t\t<\/div>\n\t\t\t<\/div>\n\t\t<label id=\"apbct_label_id_39442\" class=\"apbct_special_field\"><input\n                    class=\"apbct_special_field apbct__email_id__elementor_form\"\n                    name=\"apbct_email_id__elementor_form\"\n                    type=\"text\" size=\"30\" maxlength=\"200\" autocomplete=\"off\"\n                    value=\"\"\n                \/><\/label><input type=\"hidden\" name=\"trp-form-language\" value=\"pl\"\/><\/form>\n\t\t\t\t\t\t<\/div>\n\t\t\t\t<\/div>\n\t\t<div class=\"elementor-element elementor-element-68a8736 e-con-full e-flex e-con e-child\" data-id=\"68a8736\" data-element_type=\"container\">\n\t\t\t\t<div class=\"elementor-element elementor-element-16bd89d elementor-widget elementor-widget-image\" data-id=\"16bd89d\" data-element_type=\"widget\" data-widget_type=\"image.default\">\n\t\t\t\t\t\t\t\t\t\t\t\t\t\t\t<img decoding=\"async\" width=\"169\" height=\"300\" src=\"https:\/\/americaneliteschool.pl\/wp-content\/uploads\/2025\/12\/Frame-579-169x300.png\" class=\"attachment-medium size-medium wp-image-2007\" alt=\"\" srcset=\"https:\/\/americaneliteschool.pl\/wp-content\/uploads\/2025\/12\/Frame-579-169x300.png 169w, https:\/\/americaneliteschool.pl\/wp-content\/uploads\/2025\/12\/Frame-579-576x1024.png 576w, https:\/\/americaneliteschool.pl\/wp-content\/uploads\/2025\/12\/Frame-579-768x1365.png 768w, https:\/\/americaneliteschool.pl\/wp-content\/uploads\/2025\/12\/Frame-579-864x1536.png 864w, https:\/\/americaneliteschool.pl\/wp-content\/uploads\/2025\/12\/Frame-579-7x12.png 7w, https:\/\/americaneliteschool.pl\/wp-content\/uploads\/2025\/12\/Frame-579.png 1080w\" sizes=\"(max-width: 169px) 100vw, 169px\" \/>\t\t\t\t\t\t\t\t\t\t\t\t\t\t\t<\/div>\n\t\t\t\t<\/div>\n\t\t\t\t\t<\/div>\n\t\t\t\t<\/div>\n\t\t\t\t<\/div>","protected":false},"excerpt":{"rendered":"<p>OPEN DAY 28th MARCH 2026 | 10:00\u201314:00 Middle School: Grades 4\u20138 + (new!) High School: Grades 1-2 Sign Up OPEN DAY 28th MARCH 2026 | 10:00\u201314:00 Middle School: Grades 4\u20138 + (new!) High School: Grades 1-2 Open Day at American Elite School \u2013 Discover a pathway from Middle School to (new!) High School, built for [&hellip;]<\/p>","protected":false},"author":1,"featured_media":0,"parent":0,"menu_order":0,"comment_status":"closed","ping_status":"closed","template":"","meta":{"footnotes":""},"class_list":["post-1961","page","type-page","status-publish","hentry"],"_links":{"self":[{"href":"https:\/\/americaneliteschool.pl\/pl\/wp-json\/wp\/v2\/pages\/1961","targetHints":{"allow":["GET"]}}],"collection":[{"href":"https:\/\/americaneliteschool.pl\/pl\/wp-json\/wp\/v2\/pages"}],"about":[{"href":"https:\/\/americaneliteschool.pl\/pl\/wp-json\/wp\/v2\/types\/page"}],"author":[{"embeddable":true,"href":"https:\/\/americaneliteschool.pl\/pl\/wp-json\/wp\/v2\/users\/1"}],"replies":[{"embeddable":true,"href":"https:\/\/americaneliteschool.pl\/pl\/wp-json\/wp\/v2\/comments?post=1961"}],"version-history":[{"count":31,"href":"https:\/\/americaneliteschool.pl\/pl\/wp-json\/wp\/v2\/pages\/1961\/revisions"}],"predecessor-version":[{"id":2140,"href":"https:\/\/americaneliteschool.pl\/pl\/wp-json\/wp\/v2\/pages\/1961\/revisions\/2140"}],"wp:attachment":[{"href":"https:\/\/americaneliteschool.pl\/pl\/wp-json\/wp\/v2\/media?parent=1961"}],"curies":[{"name":"wp","href":"https:\/\/api.w.org\/{rel}","templated":true}]}}