{"id":1834,"date":"2025-12-03T10:43:24","date_gmt":"2025-12-03T10:43:24","guid":{"rendered":"https:\/\/americaneliteschool.pl\/?page_id=1834"},"modified":"2026-02-20T22:12:35","modified_gmt":"2026-02-20T22:12:35","slug":"dzien-otwarty","status":"publish","type":"page","link":"https:\/\/americaneliteschool.pl\/pl\/dzien-otwarty\/","title":{"rendered":"Dzie\u0144 otwarty"},"content":{"rendered":"<div data-elementor-type=\"wp-page\" data-elementor-id=\"1834\" class=\"elementor elementor-1834\" data-elementor-post-type=\"page\">\n\t\t\t\t\t\t<section class=\"elementor-section elementor-top-section elementor-element elementor-element-f6c7433 elementor-section-content-middle elementor-section-boxed elementor-section-height-default elementor-section-height-default\" data-id=\"f6c7433\" data-element_type=\"section\" data-settings=\"{&quot;background_background&quot;:&quot;classic&quot;}\">\n\t\t\t\t\t\t<div class=\"elementor-container elementor-column-gap-no\">\n\t\t\t\t\t<div class=\"elementor-column elementor-col-100 elementor-top-column elementor-element elementor-element-d24e66c\" data-id=\"d24e66c\" data-element_type=\"column\">\n\t\t\t<div class=\"elementor-widget-wrap elementor-element-populated\">\n\t\t\t\t\t\t<div class=\"elementor-element elementor-element-c28cefb elementor-widget__width-inherit elementor-hidden-desktop elementor-hidden-tablet elementor-widget elementor-widget-heading\" data-id=\"c28cefb\" data-element_type=\"widget\" data-widget_type=\"heading.default\">\n\t\t\t\t\t<h2 class=\"elementor-heading-title elementor-size-default\"><a href=\"#forma%20dni%20otwarte\">DZIE\u0143 OTWARTY <br>21 marca 2026 | 10-14\n <br> dla dzieci w klasach 0\u20133<\/a><\/h2>\t\t\t\t<\/div>\n\t\t\t\t<div class=\"elementor-element elementor-element-2f256e6 elementor-mobile-align-center elementor-hidden-desktop elementor-widget elementor-widget-button\" data-id=\"2f256e6\" data-element_type=\"widget\" data-widget_type=\"button.default\">\n\t\t\t\t\t\t\t\t\t\t<a class=\"elementor-button elementor-button-link elementor-size-sm\" href=\"#forma%20dni%20otwarte\">\n\t\t\t\t\t\t<span class=\"elementor-button-content-wrapper\">\n\t\t\t\t\t\t\t\t\t<span class=\"elementor-button-text\">Zarejestruj si\u0119<\/span>\n\t\t\t\t\t<\/span>\n\t\t\t\t\t<\/a>\n\t\t\t\t\t\t\t\t<\/div>\n\t\t\t\t<div class=\"elementor-element elementor-element-6fb3ac4 elementor-widget__width-inherit elementor-hidden-mobile elementor-widget elementor-widget-heading\" data-id=\"6fb3ac4\" data-element_type=\"widget\" data-widget_type=\"heading.default\">\n\t\t\t\t\t<h2 class=\"elementor-heading-title elementor-size-default\"><a href=\"#forma%20dni%20otwarte\">DZIE\u0143 OTWARTY <br>21 marca 2026 | 10-14\n <br> dla dzieci w klasach 0\u20133<\/a><\/h2>\t\t\t\t<\/div>\n\t\t\t\t\t<\/div>\n\t\t<\/div>\n\t\t\t\t\t<\/div>\n\t\t<\/section>\n\t\t\t\t<section class=\"elementor-section elementor-top-section elementor-element elementor-element-6d4c338 elementor-section-content-middle elementor-section-boxed elementor-section-height-default elementor-section-height-default\" data-id=\"6d4c338\" data-element_type=\"section\" data-settings=\"{&quot;background_background&quot;:&quot;classic&quot;}\">\n\t\t\t\t\t\t<div class=\"elementor-container elementor-column-gap-no\">\n\t\t\t\t\t<div class=\"elementor-column elementor-col-100 elementor-top-column elementor-element elementor-element-a3c3e02\" data-id=\"a3c3e02\" data-element_type=\"column\">\n\t\t\t<div class=\"elementor-widget-wrap elementor-element-populated\">\n\t\t\t\t\t\t<div class=\"elementor-element elementor-element-4b75c5d elementor-widget elementor-widget-image\" data-id=\"4b75c5d\" data-element_type=\"widget\" data-widget_type=\"image.default\">\n\t\t\t\t\t\t\t\t\t\t\t\t\t\t\t<img fetchpriority=\"high\" decoding=\"async\" width=\"1640\" height=\"624\" src=\"https:\/\/americaneliteschool.pl\/wp-content\/uploads\/2025\/12\/cover-fb-1.png\" class=\"attachment-full size-full wp-image-1969\" alt=\"\" srcset=\"https:\/\/americaneliteschool.pl\/wp-content\/uploads\/2025\/12\/cover-fb-1.png 1640w, https:\/\/americaneliteschool.pl\/wp-content\/uploads\/2025\/12\/cover-fb-1-300x114.png 300w, https:\/\/americaneliteschool.pl\/wp-content\/uploads\/2025\/12\/cover-fb-1-1024x390.png 1024w, https:\/\/americaneliteschool.pl\/wp-content\/uploads\/2025\/12\/cover-fb-1-768x292.png 768w, https:\/\/americaneliteschool.pl\/wp-content\/uploads\/2025\/12\/cover-fb-1-1536x584.png 1536w, https:\/\/americaneliteschool.pl\/wp-content\/uploads\/2025\/12\/cover-fb-1-18x7.png 18w\" sizes=\"(max-width: 1640px) 100vw, 1640px\" \/>\t\t\t\t\t\t\t\t\t\t\t\t\t\t\t<\/div>\n\t\t\t\t\t<\/div>\n\t\t<\/div>\n\t\t\t\t\t<\/div>\n\t\t<\/section>\n\t\t<div class=\"elementor-element elementor-element-a0d2b93 e-flex e-con-boxed e-con e-parent\" data-id=\"a0d2b93\" data-element_type=\"container\">\n\t\t\t\t\t<div class=\"e-con-inner\">\n\t\t<div class=\"elementor-element elementor-element-a37a7cc e-con-full e-flex e-con e-child\" data-id=\"a37a7cc\" data-element_type=\"container\">\n\t\t\t\t<div class=\"elementor-element elementor-element-63c750c elementor-widget elementor-widget-text-editor\" data-id=\"63c750c\" data-element_type=\"widget\" data-widget_type=\"text-editor.default\">\n\t\t\t\t\t\t\t\t\t<h4 data-start=\"79\" data-end=\"168\">Dzie\u0144 otwarty w American Elite School \u2013 Odkryj edukacj\u0119, kt\u00f3ra otwiera drzwi!<\/h4><p>\ud83d\udccd <a href=\"https:\/\/maps.app.goo.gl\/oN4GW8oKjkKzG3mR8\">Warszawa, Aleja Wy\u015bcigowa 8A, 02-681<\/a><br \/>\ud83d\uddd3 Sobota, 21 marca 2026 r.<br \/>\ud83d\udd59 10:00 \u2013 14:00<\/p><p>Zapraszamy rodzic\u00f3w, kt\u00f3rzy chc\u0105 zapewni\u0107 swoim dzieciom \u015bwiatowej klasy, mi\u0119dzynarodow\u0105 edukacj\u0119.<\/p><p>Podczas naszych dni otwartych poznasz American Elite School \u2014 miejsce, w kt\u00f3rym <strong>Ameryka\u0144ski program nauczania<\/strong>, zindywidualizowane wsparcie i kompetencje globalne \u0142\u0105cz\u0105 si\u0119, aby przygotowa\u0107 uczni\u00f3w do przysz\u0142o\u015bci bez ogranicze\u0144.<\/p><p>\ud83d\udca5 <strong>Early Birds \u2013 oferta specjalna tylko dla uczestnik\u00f3w!<\/strong><\/p><p>Rodziny, kt\u00f3re wezm\u0105 udzia\u0142 w wydarzeniu i zarejestruj\u0105 si\u0119 do pocz\u0105tku marca, mog\u0105 <strong>zabezpieczy\u0107 obecne stawki czesnego<\/strong>. Oferta ta jest dost\u0119pna tylko raz w roku.<\/p>\t\t\t\t\t\t\t\t<\/div>\n\t\t\t\t<div class=\"elementor-element elementor-element-b823806 elementor-widget elementor-widget-text-editor\" data-id=\"b823806\" data-element_type=\"widget\" data-widget_type=\"text-editor.default\">\n\t\t\t\t\t\t\t\t\t<h5 data-start=\"170\" data-end=\"434\"><strong>\ud83d\udd0d Dlaczego warto do nas do\u0142\u0105czy\u0107?<\/strong><\/h5><p data-start=\"170\" data-end=\"434\">\ud83d\udd39 <strong>Zobacz, jak wygl\u0105da codzienna nauka w mi\u0119dzynarodowej szkole<\/strong> gdzie wszystkie zaj\u0119cia prowadzone s\u0105 w j\u0119zyku angielskim.<\/p><p data-start=\"170\" data-end=\"434\">\ud83d\udd39 <strong>Poznaj ameryka\u0144ski program nauczania<\/strong> zaprojektowany w celu budowania niezale\u017cno\u015bci, kreatywno\u015bci, krytycznego my\u015blenia i pewno\u015bci siebie.<\/p><p data-start=\"170\" data-end=\"434\">\ud83d\udd39 <strong>Dowiedz si\u0119, jak dzia\u0142a nasz system podw\u00f3jnych dyplom\u00f3w (polski + ameryka\u0144ski)<\/strong> otwiera \u015bcie\u017cki akademickie na ca\u0142ym \u015bwiecie.<\/p><p data-start=\"170\" data-end=\"434\">\ud83d\udd39 <strong>Spotkaj si\u0119 z naszym zespo\u0142em kierowniczym i nauczycielami \u2013 <\/strong>Przedstawimy Pa\u0144stwu nasz\u0105 filozofi\u0119, metody nauczania oraz kultur\u0119 wsparcia, kt\u00f3r\u0105 tworzymy dla ka\u017cdego dziecka.<\/p><p data-start=\"170\" data-end=\"434\">\ud83d\udd39 <strong>Odkryj nasze programy pozalekcyjne<\/strong> \u2013 gimnastyka, tenis, p\u0142ywanie, szachy oraz zaj\u0119cia rozwijaj\u0105ce indywidualne talenty uczni\u00f3w.<\/p><p data-start=\"170\" data-end=\"434\">\ud83d\udd39 <strong>Dowiedz si\u0119, jak wspieramy rodzic\u00f3w<\/strong> \u2013 opieka pozaszkolna wliczona w czesne, wsparcie j\u0119zykowe oraz opcjonalna nauka online.<\/p><p data-start=\"170\" data-end=\"434\">\ud83d\udd39 <strong>Wybierz si\u0119 na wycieczk\u0119 szkoln\u0105 z przewodnikiem<\/strong> i odkrywaj przestrzenie zaprojektowane tak, aby uczniowie czuli si\u0119 bezpiecznie, byli zainspirowani i ch\u0119tni do nauki.<\/p><p data-start=\"170\" data-end=\"434\">\ud83d\udd39 <strong>Do\u0142\u0105cz do naszej sesji pyta\u0144 i odpowiedzi<\/strong> \u2013 odpowiemy na Pa\u0144stwa pytania dotycz\u0105ce rekrutacji, programu nauczania, codziennych zaj\u0119\u0107 oraz tego, w jaki spos\u00f3b zaspokajamy indywidualne potrzeby ka\u017cdego dziecka.<\/p>\t\t\t\t\t\t\t\t<\/div>\n\t\t\t\t<\/div>\n\t\t<div class=\"elementor-element elementor-element-8c27e69 e-con-full e-flex e-con e-child\" data-id=\"8c27e69\" data-element_type=\"container\">\n\t\t\t\t<div class=\"elementor-element elementor-element-194f61e elementor-widget elementor-widget-text-editor\" data-id=\"194f61e\" data-element_type=\"widget\" data-widget_type=\"text-editor.default\">\n\t\t\t\t\t\t\t\t\t<h5>Dla kogo to jest?<\/h5><p data-start=\"2128\" data-end=\"2193\">Dla rodzic\u00f3w <strong>dzieci w wieku przedszkolnym i uczniowie klas 1-3<\/strong> kt\u00f3rzy szukaj\u0105 szko\u0142y oferuj\u0105cej:<\/p><ul data-start=\"2195\" data-end=\"2453\"><li data-start=\"206\" data-end=\"233\"><p data-start=\"208\" data-end=\"233\">an <strong>Ameryka\u0144ski program nauczania<\/strong>,<\/p><\/li><li data-start=\"234\" data-end=\"272\"><p data-start=\"236\" data-end=\"272\">prowadzone zaj\u0119cia <strong>ca\u0142kowicie w j\u0119zyku angielskim<\/strong>,<\/p><\/li><li data-start=\"273\" data-end=\"329\"><p data-start=\"275\" data-end=\"329\">mi\u0119dzynarodowy i kulturowy <strong>r\u00f3\u017cnorodne \u015brodowisko<\/strong>,<\/p><\/li><li data-start=\"330\" data-end=\"383\"><p data-start=\"332\" data-end=\"383\">a <strong>wysoki standard<\/strong>, ambitne podej\u015bcie do edukacji,<\/p><\/li><li data-start=\"384\" data-end=\"456\"><p data-start=\"386\" data-end=\"456\">oraz przygotowanie do globalnych mo\u017cliwo\u015bci ju\u017c od najm\u0142odszych lat.<\/p><\/li><\/ul>\t\t\t\t\t\t\t\t<\/div>\n\t\t\t\t<div class=\"elementor-element elementor-element-fb3b5ad elementor-hidden-mobile elementor-widget elementor-widget-html\" data-id=\"fb3b5ad\" data-element_type=\"widget\" data-widget_type=\"html.default\">\n\t\t\t\t\t<iframe src=\"https:\/\/www.google.com\/maps\/embed?pb=!1m18!1m12!1m3!1d2447.2620466159983!2d21.0125074!3d52.1659289!2m3!1f0!2f0!3f0!3m2!1i1024!2i768!4f13.1!3m3!1m2!1s0x471933dc1f7097d5%3A0xb9954f4e36e31a5a!2sAmerican%20Elite%20School!5e0!3m2!1spl!2spl!4v1764750165003!5m2!1spl!2spl\" width=\"600\" height=\"450\" style=\"border:0;\" allowfullscreen=\"\" loading=\"lazy\" referrerpolicy=\"no-referrer-when-downgrade\"><\/iframe>\t\t\t\t<\/div>\n\t\t\t\t<\/div>\n\t\t\t\t\t<\/div>\n\t\t\t\t<\/div>\n\t\t<div class=\"elementor-element elementor-element-2f9b7a7 e-flex e-con-boxed e-con e-parent\" data-id=\"2f9b7a7\" data-element_type=\"container\" data-settings=\"{&quot;background_background&quot;:&quot;classic&quot;}\">\n\t\t\t\t\t<div class=\"e-con-inner\">\n\t\t<div class=\"elementor-element elementor-element-f78cbc6 e-con-full e-flex e-con e-child\" data-id=\"f78cbc6\" data-element_type=\"container\">\n\t\t\t\t<div class=\"elementor-element elementor-element-e67f296 elementor-widget elementor-widget-heading\" data-id=\"e67f296\" data-element_type=\"widget\" data-widget_type=\"heading.default\">\n\t\t\t\t\t<h2 class=\"elementor-heading-title elementor-size-default\">DZIE\u0143 OTWARTY<\/h2>\t\t\t\t<\/div>\n\t\t\t\t<div class=\"elementor-element elementor-element-ccb96f1 elementor-widget elementor-widget-heading\" data-id=\"ccb96f1\" data-element_type=\"widget\" data-widget_type=\"heading.default\">\n\t\t\t\t\t<h2 class=\"elementor-heading-title elementor-size-default\">SZKO\u0141A PODSTAWOWA<\/h2>\t\t\t\t<\/div>\n\t\t\t\t<div class=\"elementor-element elementor-element-2ca3b31 elementor-widget elementor-widget-text-editor\" data-id=\"2ca3b31\" data-element_type=\"widget\" data-widget_type=\"text-editor.default\">\n\t\t\t\t\t\t\t\t\t<div class=\"sc-ilhmMj fwvkSb sc-jIRcFI sc-itMJkM kHCrWL hycOkp\" data-ats-wb-element=\"text\"><div class=\"sc-cwSeag eYPezj\"><div class=\"sc-Dmqmp bohxsP\"><div><p><span class=\"fontSizeMark\"><span class=\"text-color\">dla dzieci w klasach 0-3<\/span><\/span><\/p><\/div><\/div><\/div><\/div>\t\t\t\t\t\t\t\t<\/div>\n\t\t\t\t<div class=\"elementor-element elementor-element-bd6ecf6 elementor-widget elementor-widget-text-editor\" data-id=\"bd6ecf6\" data-element_type=\"widget\" data-widget_type=\"text-editor.default\">\n\t\t\t\t\t\t\t\t\t<div class=\"sc-ilhmMj chukag sc-jIRcFI sc-itMJkM kHCrWL hycOkp\" data-ats-wb-element=\"text\"><div class=\"sc-cwSeag eYPezj\"><div class=\"sc-Dmqmp bohxsP\"><div><p><span class=\"fontSizeMark\"><span class=\"text-color\">Podaj sw\u00f3j adres e-mail, a my wy\u015blemy Ci <\/span><span class=\"text-color\"><strong>przypomnienie tu\u017c przed wydarzeniem<\/strong><\/span><span class=\"text-color\">, aby Twoja rodzina nie przegapi\u0142a tej wa\u017cnej okazji.<\/span><\/span><\/p><\/div><\/div><\/div><\/div>\t\t\t\t\t\t\t\t<\/div>\n\t\t\t\t<div class=\"elementor-element elementor-element-70289f1 elementor-widget elementor-widget-text-editor\" data-id=\"70289f1\" data-element_type=\"widget\" data-widget_type=\"text-editor.default\">\n\t\t\t\t\t\t\t\t\t<p>21 marca 2026 r.<\/p>\t\t\t\t\t\t\t\t<\/div>\n\t\t\t\t<div class=\"elementor-element elementor-element-3a63645 elementor-button-align-center elementor-widget__width-initial elementor-widget elementor-widget-form\" data-id=\"3a63645\" data-element_type=\"widget\" data-settings=\"{&quot;step_next_label&quot;:&quot;Next&quot;,&quot;step_previous_label&quot;:&quot;Previous&quot;,&quot;button_width&quot;:&quot;100&quot;,&quot;step_type&quot;:&quot;number_text&quot;,&quot;step_icon_shape&quot;:&quot;circle&quot;}\" data-widget_type=\"form.default\">\n\t\t\t\t\t\t\t<form class=\"elementor-form\" method=\"post\" name=\"New Form\" aria-label=\"Nowy formularz\" action=\"\">\n\t\t\t<input type=\"hidden\" name=\"post_id\" value=\"1834\"\/>\n\t\t\t<input type=\"hidden\" name=\"form_id\" value=\"3a63645\"\/>\n\t\t\t<input type=\"hidden\" name=\"referer_title\" value=\"Open day\" \/>\n\n\t\t\t\t\t\t\t<input type=\"hidden\" name=\"queried_id\" value=\"1834\"\/>\n\t\t\t\n\t\t\t<div class=\"elementor-form-fields-wrapper elementor-labels-\">\n\t\t\t\t\t\t\t\t<div class=\"elementor-field-type-text elementor-field-group elementor-column elementor-field-group-name elementor-col-100\">\n\t\t\t\t\t\t\t\t\t\t\t\t<label for=\"form-field-name\" class=\"elementor-field-label elementor-screen-only\">\n\t\t\t\t\t\t\t\tnazwa*\t\t\t\t\t\t\t<\/label>\n\t\t\t\t\t\t\t\t\t\t\t\t\t\t<input size=\"1\" type=\"text\" name=\"form_fields[name]\" id=\"form-field-name\" class=\"elementor-field elementor-size-sm  elementor-field-textual\" placeholder=\"nazwa*\">\n\t\t\t\t\t\t\t\t\t\t\t<\/div>\n\t\t\t\t\t\t\t\t<div class=\"elementor-field-type-email elementor-field-group elementor-column elementor-field-group-email elementor-col-100 elementor-field-required\">\n\t\t\t\t\t\t\t\t\t\t\t\t<label for=\"form-field-email\" class=\"elementor-field-label elementor-screen-only\">\n\t\t\t\t\t\t\t\te-mail*\t\t\t\t\t\t\t<\/label>\n\t\t\t\t\t\t\t\t\t\t\t\t\t\t<input size=\"1\" type=\"email\" name=\"form_fields[email]\" id=\"form-field-email\" class=\"elementor-field elementor-size-sm  elementor-field-textual\" placeholder=\"e-mail*\" required=\"required\">\n\t\t\t\t\t\t\t\t\t\t\t<\/div>\n\t\t\t\t\t\t\t\t<div class=\"elementor-field-type-tel elementor-field-group elementor-column elementor-field-group-Phone elementor-col-100\">\n\t\t\t\t\t\t\t\t\t\t\t\t<label for=\"form-field-Phone\" class=\"elementor-field-label elementor-screen-only\">\n\t\t\t\t\t\t\t\tNumer telefonu\t\t\t\t\t\t\t<\/label>\n\t\t\t\t\t\t<span class=\"ccfef-editor-intl-input\" data-id=\"form-field-Phone\" data-field-id=\"2958925\" data-default-country=\"pl\" data-include-countries=\"\" data-exclude-countries=\"\" data-dial-code-visibility=\"show\" data-strict-mode=\"no\" style=\"display: none;\"><\/span>\t\t<input size=\"1\" type=\"tel\" name=\"form_fields[Phone]\" id=\"form-field-Phone\" class=\"elementor-field elementor-size-sm  elementor-field-textual\" pattern=\"[0-9()#&amp;+*-=.]+\" title=\"\u041f\u0440\u0438\u043d\u0438\u043c\u0430\u044e\u0442\u0441\u044f \u0442\u043e\u043b\u044c\u043a\u043e \u0446\u0438\u0444\u0440\u044b \u0438 \u0442\u0435\u043b\u0435\u0444\u043e\u043d\u043d\u044b\u0435 \u0441\u0438\u043c\u0432\u043e\u043b\u044b (#, -, * \u0438 \u0442. \u0434.).\" data-no-translation-title=\"\">\n\n\t\t\t\t\t\t<\/div>\n\t\t\t\t\t\t\t\t<div class=\"elementor-field-type-acceptance elementor-field-group elementor-column elementor-field-group-field_26687d1 elementor-col-100\">\n\t\t\t\t\t\t\t<div class=\"elementor-field-subgroup\">\n\t\t\t<span class=\"elementor-field-option\">\n\t\t\t\t<input type=\"checkbox\" name=\"form_fields[field_26687d1]\" id=\"form-field-field_26687d1\" class=\"elementor-field elementor-size-sm  elementor-acceptance-field\">\n\t\t\t\t<label for=\"form-field-field_26687d1\"><span style=\"font-size: 10px; line-height: 0px;color:#EFD008FF;\">Wyra\u017cam zgod\u0119 na otrzymywanie informacji handlowych dotycz\u0105cych ofert, wydarze\u0144 i promocji za po\u015brednictwem \u015brodk\u00f3w komunikacji elektronicznej. Zgod\u0119 t\u0119 mo\u017cna wycofa\u0107 w dowolnym momencie. *<\/span><\/label>\t\t\t<\/span>\n\t\t<\/div>\n\t\t\t\t\t\t<\/div>\n\t\t\t\t\t\t\t\t<div class=\"elementor-field-group elementor-column elementor-field-type-submit elementor-col-100 e-form__buttons\">\n\t\t\t\t\t<button class=\"elementor-button elementor-size-sm\" type=\"submit\">\n\t\t\t\t\t\t<span class=\"elementor-button-content-wrapper\">\n\t\t\t\t\t\t\t\t\t\t\t\t\t\t\t\t\t\t\t\t\t\t<span class=\"elementor-button-text\">Zarejestruj si\u0119<\/span>\n\t\t\t\t\t\t\t\t\t\t\t\t\t<\/span>\n\t\t\t\t\t<\/button>\n\t\t\t\t<\/div>\n\t\t\t<\/div>\n\t\t<label id=\"apbct_label_id_50055\" class=\"apbct_special_field\"><input\n                    class=\"apbct_special_field apbct__email_id__elementor_form\"\n                    name=\"apbct_email_id__elementor_form\"\n                    type=\"text\" size=\"30\" maxlength=\"200\" autocomplete=\"off\"\n                    value=\"\"\n                \/><\/label><input type=\"hidden\" name=\"trp-form-language\" value=\"pl\"\/><\/form>\n\t\t\t\t\t\t<\/div>\n\t\t\t\t<\/div>\n\t\t<div class=\"elementor-element elementor-element-68a8736 e-con-full e-flex e-con e-child\" data-id=\"68a8736\" data-element_type=\"container\">\n\t\t\t\t<div class=\"elementor-element elementor-element-16bd89d elementor-widget elementor-widget-image\" data-id=\"16bd89d\" data-element_type=\"widget\" data-widget_type=\"image.default\">\n\t\t\t\t\t\t\t\t\t\t\t\t\t\t\t<img decoding=\"async\" width=\"759\" height=\"1024\" src=\"https:\/\/americaneliteschool.pl\/wp-content\/uploads\/2025\/12\/6ffeed59-ac09-4df4-9240-36abc8f68ac0-759x1024.png\" class=\"attachment-large size-large wp-image-1918\" alt=\"\" srcset=\"https:\/\/americaneliteschool.pl\/wp-content\/uploads\/2025\/12\/6ffeed59-ac09-4df4-9240-36abc8f68ac0-759x1024.png 759w, https:\/\/americaneliteschool.pl\/wp-content\/uploads\/2025\/12\/6ffeed59-ac09-4df4-9240-36abc8f68ac0-222x300.png 222w, https:\/\/americaneliteschool.pl\/wp-content\/uploads\/2025\/12\/6ffeed59-ac09-4df4-9240-36abc8f68ac0-768x1037.png 768w, https:\/\/americaneliteschool.pl\/wp-content\/uploads\/2025\/12\/6ffeed59-ac09-4df4-9240-36abc8f68ac0-9x12.png 9w, https:\/\/americaneliteschool.pl\/wp-content\/uploads\/2025\/12\/6ffeed59-ac09-4df4-9240-36abc8f68ac0.png 800w\" sizes=\"(max-width: 759px) 100vw, 759px\" \/>\t\t\t\t\t\t\t\t\t\t\t\t\t\t\t<\/div>\n\t\t\t\t<\/div>\n\t\t\t\t\t<\/div>\n\t\t\t\t<\/div>\n\t\t\t\t<\/div>","protected":false},"excerpt":{"rendered":"<p>DZIE\u0143 OTWARTY 21 marca 2026 | 10-14 dla dzieci z klas 0-3 Zarejestruj si\u0119 DZIE\u0143 OTWARTY 21 marca 2026 | 10-14 dla dzieci z klas 0-3 Dom otwarty w American Elite School - Odkryj edukacj\u0119, kt\u00f3ra otwiera drzwi! \ud83d\udccd Warszawa, Aleja Wy\u015bcigowa 8A, 02-681\ud83d\uddd3 Sobota, 21 marca 2026\ud83d\udd59 10:00 - 14:00 We [...]<\/p>","protected":false},"author":4,"featured_media":0,"parent":0,"menu_order":0,"comment_status":"closed","ping_status":"closed","template":"","meta":{"footnotes":""},"class_list":["post-1834","page","type-page","status-publish","hentry"],"_links":{"self":[{"href":"https:\/\/americaneliteschool.pl\/pl\/wp-json\/wp\/v2\/pages\/1834","targetHints":{"allow":["GET"]}}],"collection":[{"href":"https:\/\/americaneliteschool.pl\/pl\/wp-json\/wp\/v2\/pages"}],"about":[{"href":"https:\/\/americaneliteschool.pl\/pl\/wp-json\/wp\/v2\/types\/page"}],"author":[{"embeddable":true,"href":"https:\/\/americaneliteschool.pl\/pl\/wp-json\/wp\/v2\/users\/4"}],"replies":[{"embeddable":true,"href":"https:\/\/americaneliteschool.pl\/pl\/wp-json\/wp\/v2\/comments?post=1834"}],"version-history":[{"count":94,"href":"https:\/\/americaneliteschool.pl\/pl\/wp-json\/wp\/v2\/pages\/1834\/revisions"}],"predecessor-version":[{"id":2137,"href":"https:\/\/americaneliteschool.pl\/pl\/wp-json\/wp\/v2\/pages\/1834\/revisions\/2137"}],"wp:attachment":[{"href":"https:\/\/americaneliteschool.pl\/pl\/wp-json\/wp\/v2\/media?parent=1834"}],"curies":[{"name":"wp","href":"https:\/\/api.w.org\/{rel}","templated":true}]}}