{"id":1673,"date":"2023-12-21T07:45:10","date_gmt":"2023-12-21T07:45:10","guid":{"rendered":"https:\/\/americaneliteschool.pl\/?page_id=1673"},"modified":"2023-12-21T07:48:44","modified_gmt":"2023-12-21T07:48:44","slug":"warunki-1","status":"publish","type":"page","link":"https:\/\/americaneliteschool.pl\/pl\/warunki-1\/","title":{"rendered":"Warunki i postanowienia 1"},"content":{"rendered":"<div data-elementor-type=\"wp-page\" data-elementor-id=\"1673\" class=\"elementor elementor-1673\" data-elementor-post-type=\"page\">\n\t\t\t\t\t\t<section class=\"elementor-section elementor-top-section elementor-element elementor-element-5166160 elementor-section-content-middle elementor-section-boxed elementor-section-height-default elementor-section-height-default\" data-id=\"5166160\" data-element_type=\"section\" data-settings=\"{&quot;background_background&quot;:&quot;classic&quot;}\">\n\t\t\t\t\t\t<div class=\"elementor-container elementor-column-gap-no\">\n\t\t\t\t\t<div class=\"elementor-column elementor-col-100 elementor-top-column elementor-element elementor-element-01474fe\" data-id=\"01474fe\" data-element_type=\"column\">\n\t\t\t<div class=\"elementor-widget-wrap elementor-element-populated\">\n\t\t\t\t\t\t<div class=\"elementor-element elementor-element-b4a43fc elementor-widget elementor-widget-heading\" data-id=\"b4a43fc\" data-element_type=\"widget\" data-widget_type=\"heading.default\">\n\t\t\t\t\t<h2 class=\"elementor-heading-title elementor-size-default\">Warunki<\/h2>\t\t\t\t<\/div>\n\t\t\t\t<div class=\"elementor-element elementor-element-2ea8e8b elementor-widget elementor-widget-text-editor\" data-id=\"2ea8e8b\" data-element_type=\"widget\" data-widget_type=\"text-editor.default\">\n\t\t\t\t\t\t\t\t\t<p>\u00a0<\/p><p>Interpretacja i definicje <br \/>&#8212;&#8212;&#8212;&#8212;&#8212;&#8212;&#8212;&#8212;&#8212;&#8212;<\/p><p>Interpretacja <br \/>~~~~~~~~~~~~~~<\/p><p>S\u0142owa, kt\u00f3rych pierwsza litera jest wielka, maj\u0105 znaczenia zdefiniowane<br \/>na nast\u0119puj\u0105cych warunkach. Poni\u017csze definicje maj\u0105 takie samo znaczenie<br \/>co oznacza, \u017ce niezale\u017cnie od tego, czy wyst\u0119puj\u0105 w liczbie pojedynczej, czy mnogiej.<\/p><p>Definicje <br \/>~~~~~~~~~~~<\/p><p>Na potrzeby niniejszych Warunk\u00f3w:<\/p><p>* Podmiot stowarzyszony oznacza podmiot, kt\u00f3ry kontroluje, jest kontrolowany przez lub podlega<br \/>wsp\u00f3lna kontrola z inn\u0105 stron\u0105, gdzie \u201ckontrola\u201d oznacza posiadanie 50% lub<br \/>wi\u0119ksza cz\u0119\u015b\u0107 akcji, udzia\u0142\u00f3w lub innych papier\u00f3w warto\u015bciowych uprawniaj\u0105cych do g\u0142osowania<br \/>w celu wyboru dyrektor\u00f3w lub innych organ\u00f3w zarz\u0105dzaj\u0105cych.<\/p><p>* Kraj odnosi si\u0119 do: Polska<\/p><p>* Firma (okre\u015blana w niniejszym dokumencie jako \u201cFirma\u201d, \u201cMy\u201d, \u201cNas\u201d lub \u201cNasza\u201d)<br \/>Umowa) odnosi si\u0119 do American Elite School, Wy\u015bcigowa 8A Ave., 02-681<br \/>Warszawa.<\/p><p>* Urz\u0105dzenie oznacza dowolne urz\u0105dzenie, kt\u00f3re mo\u017ce uzyska\u0107 dost\u0119p do Us\u0142ugi, takie jak komputer,<br \/>telefon kom\u00f3rkowy lub tablet.<\/p><p>* Us\u0142uga odnosi si\u0119 do strony internetowej.<\/p><p>* Warunki (zwane r\u00f3wnie\u017c \u201cWarunkami\u201d) oznaczaj\u0105 niniejsze Warunki oraz<br \/>Warunki stanowi\u0105ce ca\u0142o\u015b\u0107 umowy mi\u0119dzy Pa\u0144stwem a Firm\u0105<br \/>dotycz\u0105ce korzystania z Us\u0142ugi. Niniejsza umowa dotycz\u0105ca warunk\u00f3w u\u017cytkowania ma<br \/>zosta\u0142y stworzone przy pomocy [Bezp\u0142atnych warunk\u00f3w u\u017cytkowania<br \/>Generator](https:\/\/www.freeprivacypolicy.com\/free-terms-and-conditions-<br \/>generator\/).<\/p><p>* Us\u0142ugi medi\u00f3w spo\u0142eczno\u015bciowych stron trzecich oznaczaj\u0105 wszelkie us\u0142ugi lub tre\u015bci (w tym<br \/>dane, informacje, produkty lub us\u0142ugi) dostarczane przez stron\u0119 trzeci\u0105, kt\u00f3ra<br \/>mog\u0105 by\u0107 wy\u015bwietlane, zawarte lub udost\u0119pniane przez Us\u0142ug\u0119.<\/p><p>* Strona internetowa odnosi si\u0119 do American Elite School, dost\u0119pnej pod adresem<br \/>&lt;https:\/\/americaneliteschool.pl\/&gt;<\/p><p>* \u201eTy\u201d oznacza osob\u0119 fizyczn\u0105 korzystaj\u0105c\u0105 z Us\u0142ugi lub firm\u0119,<br \/>lub inna osoba prawna, w imieniu kt\u00f3rej ta osoba fizyczna uzyskuje dost\u0119p lub<br \/>korzystaj\u0105c z Us\u0142ugi, stosownie do przypadku.<\/p><p>Podzi\u0119kowania <br \/>&#8212;&#8212;&#8212;&#8212;&#8211;<\/p><p>Oto warunki reguluj\u0105ce korzystanie z niniejszej Us\u0142ugi oraz<br \/>umowa obowi\u0105zuj\u0105ca mi\u0119dzy Tob\u0105 a Firm\u0105. Niniejsze Warunki i<br \/>Warunki okre\u015blaj\u0105 prawa i obowi\u0105zki wszystkich u\u017cytkownik\u00f3w dotycz\u0105ce korzystania z serwisu.<br \/>Us\u0142ugi.<\/p><p>Dost\u0119p do Us\u0142ugi i korzystanie z niej jest uzale\u017cnione od zaakceptowania przez Pa\u0144stwa i<br \/>zgodno\u015b\u0107 z niniejszymi Warunkami. Niniejsze Warunki maj\u0105 zastosowanie<br \/>wszystkim odwiedzaj\u0105cym, u\u017cytkownikom i innym osobom, kt\u00f3re uzyskuj\u0105 dost\u0119p do Us\u0142ugi lub z niej korzystaj\u0105.<\/p><p>Korzystaj\u0105c z Us\u0142ugi, wyra\u017casz zgod\u0119 na przestrzeganie niniejszych Warunk\u00f3w i<br \/>Warunki. Je\u015bli nie zgadzasz si\u0119 z jak\u0105kolwiek cz\u0119\u015bci\u0105 niniejszych Warunk\u00f3w, w\u00f3wczas<br \/>Nie mo\u017cesz korzysta\u0107 z Us\u0142ugi.<\/p><p>O\u015bwiadczasz, \u017ce masz uko\u0144czone 18 lat. Firma nie zezwala na<br \/>osoby poni\u017cej 18 roku \u017cycia do korzystania z Us\u0142ugi.<\/p><p>Dost\u0119p do Us\u0142ugi i korzystanie z niej jest r\u00f3wnie\u017c uzale\u017cnione od wyra\u017cenia zgody przez U\u017cytkownika.<br \/>o polityce prywatno\u015bci firmy i jej przestrzeganiu. Nasza polityka prywatno\u015bci<br \/>opisuje nasze zasady i procedury dotycz\u0105ce gromadzenia, wykorzystywania i ujawniania<br \/>Twoje dane osobowe podczas korzystania z Aplikacji lub Witryny internetowej oraz<br \/>informuje Ci\u0119 o Twoich prawach do prywatno\u015bci i o tym, jak chroni Ci\u0119 prawo. Prosz\u0119 przeczytaj<br \/>Przed skorzystaniem z naszych us\u0142ug prosimy o dok\u0142adne zapoznanie si\u0119 z nasz\u0105 Polityk\u0105 prywatno\u015bci.<\/p><p>Linki do innych stron internetowych <br \/>&#8212;&#8212;&#8212;&#8212;&#8212;&#8212;&#8212;&#8211;<\/p><p>Nasza Us\u0142uga mo\u017ce zawiera\u0107 linki do stron internetowych lub us\u0142ug stron trzecich, kt\u00f3re s\u0105<br \/>nieb\u0119d\u0105ce w\u0142asno\u015bci\u0105 ani niekontrolowane przez Sp\u00f3\u0142k\u0119.<\/p><p>Sp\u00f3\u0142ka nie ma kontroli nad i nie ponosi odpowiedzialno\u015bci za<br \/>tre\u015bci, polityki prywatno\u015bci lub praktyki stosowane przez strony internetowe os\u00f3b trzecich lub<br \/>us\u0142ugi. Ponadto u\u017cytkownik przyjmuje do wiadomo\u015bci i zgadza si\u0119, \u017ce firma nie b\u0119dzie<br \/>odpowiedzialny lub ponosz\u0105cy odpowiedzialno\u015b\u0107, bezpo\u015brednio lub po\u015brednio, za jakiekolwiek szkody lub straty spowodowane<br \/>lub rzekomo spowodowane przez lub w zwi\u0105zku z wykorzystaniem lub poleganiem na jakichkolwiek<br \/>takie tre\u015bci, towary lub us\u0142ugi dost\u0119pne na lub za po\u015brednictwem takich stron internetowych lub<br \/>us\u0142ugi.<\/p><p>Zdecydowanie zalecamy zapoznanie si\u0119 z warunkami i polityk\u0105 prywatno\u015bci.<br \/>wszelkich stron internetowych lub us\u0142ug stron trzecich, kt\u00f3re odwiedzasz.<\/p><p>Wypowiedzenie <br \/>&#8212;&#8212;&#8212;&#8211;<\/p><p>Mo\u017cemy natychmiastowo zako\u0144czy\u0107 lub zawiesi\u0107 Tw\u00f3j dost\u0119p, bez uprzedniego powiadomienia lub<br \/>odpowiedzialno\u015b\u0107, z jakiegokolwiek powodu, w tym mi\u0119dzy innymi, je\u015bli U\u017cytkownik<br \/>naruszy\u0107 niniejsze Warunki.<\/p><p>W momencie wypowiedzenia Twoje prawo do korzystania z Us\u0142ugi wyga\u015bnie natychmiast.<\/p><p>Ograniczenie odpowiedzialno\u015bci <br \/>&#8212;&#8212;&#8212;&#8212;&#8212;&#8212;&#8212;&#8211;<\/p><p>Niezale\u017cnie od wszelkich szk\u00f3d, kt\u00f3re mog\u0105 Pa\u0144stwo ponie\u015b\u0107, ca\u0142kowita odpowiedzialno\u015b\u0107<br \/>Firma i ka\u017cdy z jej dostawc\u00f3w zgodnie z postanowieniami niniejszych Warunk\u00f3w i Pa\u0144stwa<br \/>wy\u0142\u0105cznym \u015brodkiem zaradczym dla wszystkich powy\u017cszych przypadk\u00f3w b\u0119dzie kwota ograniczona do<br \/>rzeczywi\u015bcie zap\u0142acone przez Ciebie za po\u015brednictwem Us\u0142ugi lub 100 USD, je\u015bli nie dokona\u0142e\u015b zakupu.<br \/>cokolwiek za po\u015brednictwem Us\u0142ugi.<\/p><p>W maksymalnym zakresie dozwolonym przez obowi\u0105zuj\u0105ce prawo, w \u017cadnym wypadku nie b\u0119dzie<br \/>Firma lub jej dostawcy nie ponosz\u0105 odpowiedzialno\u015bci za \u017cadne szczeg\u00f3lne, przypadkowe, po\u015brednie lub<br \/>wszelkie szkody wynikowe (w tym mi\u0119dzy innymi szkody za<br \/>utrat\u0119 zysk\u00f3w, utrat\u0119 danych lub innych informacji, za przerw\u0119 w dzia\u0142alno\u015bci,<br \/>za obra\u017cenia cia\u0142a, utrat\u0119 prywatno\u015bci wynikaj\u0105c\u0105 z lub w jakikolwiek spos\u00f3b zwi\u0105zan\u0105 z<br \/>korzystanie lub niemo\u017cno\u015b\u0107 korzystania z Us\u0142ugi, oprogramowania stron trzecich i\/lub stron trzecich<br \/>sprz\u0119t u\u017cywany w ramach Us\u0142ugi lub w inny spos\u00f3b zwi\u0105zany z jak\u0105kolwiek<br \/>postanowienia niniejszych Warunk\u00f3w), nawet je\u015bli Sp\u00f3\u0142ka lub kt\u00f3rykolwiek dostawca zosta\u0142 poinformowany<br \/>mo\u017cliwo\u015bci wyst\u0105pienia takich szk\u00f3d, a nawet je\u015bli \u015brodek zaradczy nie przyniesie oczekiwanych rezultat\u00f3w<br \/>podstawowy cel.<\/p><p>Niekt\u00f3re stany nie zezwalaj\u0105 na wy\u0142\u0105czenie dorozumianych gwarancji lub ograniczenie<br \/>odpowiedzialno\u015b\u0107 za szkody przypadkowe lub wynikowe, co oznacza, \u017ce niekt\u00f3re z<br \/>powy\u017csze ograniczenia mog\u0105 nie mie\u0107 zastosowania. W tych stanach odpowiedzialno\u015b\u0107 ka\u017cdej ze stron<br \/>b\u0119dzie ograniczona w najwi\u0119kszym zakresie dozwolonym przez prawo.<\/p><p>\u201cZastrze\u017cenie \u201dW STANIE, W JAKIM SI\u0118 ZNAJDUJE\u201c i \u201dW MIAR\u0118 DOST\u0118PNO\u015aCI\u201d <br \/>&#8212;&#8212;&#8212;-<\/p><p>Us\u0142uga jest \u015bwiadczona u\u017cytkownikowi \u201cW STANIE, W JAKIM SI\u0118 ZNAJDUJE\u201d i \u201cW MIAR\u0118 DOST\u0118PNO\u015aCI\u201d oraz ze wszystkimi wadami.<br \/>i wad bez \u017cadnej gwarancji. W maksymalnym zakresie dozwolonym przez prawo<br \/>zgodnie z obowi\u0105zuj\u0105cym prawem, Sp\u00f3\u0142ka, we w\u0142asnym imieniu oraz w imieniu swoich<br \/>Podmioty stowarzyszone oraz ich odpowiedni licencjodawcy i dostawcy us\u0142ug,<br \/>wyra\u017anie wy\u0142\u0105cza wszelkie gwarancje, wyra\u017ane, dorozumiane, ustawowe lub<br \/>w przeciwnym razie, w odniesieniu do Us\u0142ugi, w tym wszelkich dorozumianych gwarancji<br \/>przydatno\u015b\u0107 handlowa, przydatno\u015b\u0107 do okre\u015blonego celu, tytu\u0142 w\u0142asno\u015bci i nienaruszanie praw,<br \/>oraz gwarancje, kt\u00f3re mog\u0105 wynika\u0107 z przebiegu transakcji, przebiegu realizacji,<br \/>u\u017cycie lub praktyka handlowa. Bez ograniczenia powy\u017cszego, Sp\u00f3\u0142ka<br \/>nie udziela \u017cadnych gwarancji ani zobowi\u0105za\u0144 i nie sk\u0142ada \u017cadnych o\u015bwiadcze\u0144 jakiegokolwiek rodzaju<br \/>\u017ce Us\u0142uga spe\u0142ni Twoje wymagania, osi\u0105gnie zamierzone rezultaty, b\u0119dzie<br \/>kompatybilne lub wsp\u00f3\u0142pracuj\u0105ce z jakimkolwiek innym oprogramowaniem, aplikacjami, systemami lub us\u0142ugami,<br \/>dzia\u0142a\u0107 bez zak\u0142\u00f3ce\u0144, spe\u0142nia\u0107 wszelkie normy dotycz\u0105ce wydajno\u015bci lub niezawodno\u015bci lub<br \/>by\u0107 wolne od b\u0142\u0119d\u00f3w lub \u017ce wszelkie b\u0142\u0119dy lub wady mog\u0105 zosta\u0107 lub zostan\u0105 poprawione.<\/p><p>Bez ograniczania powy\u017cszego, ani Sp\u00f3\u0142ka, ani \u017cadna z jej sp\u00f3\u0142ek<br \/>dostawca nie sk\u0142ada \u017cadnych o\u015bwiadcze\u0144 ani nie udziela \u017cadnych gwarancji, wyra\u017anych lub dorozumianych:<br \/>(i) dotycz\u0105ce dzia\u0142ania lub dost\u0119pno\u015bci Us\u0142ugi lub informacji,<br \/>tre\u015bci oraz materia\u0142\u00f3w lub produkt\u00f3w w nich zawartych; (ii) \u017ce Us\u0142uga<br \/>b\u0119dzie nieprzerwana lub wolna od b\u0142\u0119d\u00f3w; (iii) co do dok\u0142adno\u015bci, rzetelno\u015bci lub<br \/>aktualno\u015b\u0107 wszelkich informacji lub tre\u015bci udost\u0119pnianych za po\u015brednictwem Us\u0142ugi; lub (iv)<br \/>\u017ce Us\u0142uga, jej serwery, tre\u015bci lub wiadomo\u015bci e-mail wysy\u0142ane z lub w imieniu<br \/>firmy s\u0105 wolne od wirus\u00f3w, skrypt\u00f3w, trojan\u00f3w, robak\u00f3w, z\u0142o\u015bliwego oprogramowania,<br \/>bomby zegarowe lub inne szkodliwe komponenty.<\/p><p>Niekt\u00f3re jurysdykcje nie zezwalaj\u0105 na wy\u0142\u0105czenie niekt\u00f3rych rodzaj\u00f3w gwarancji.<br \/>lub ograniczenia dotycz\u0105ce przys\u0142uguj\u0105cych konsumentowi praw ustawowych, wi\u0119c niekt\u00f3re lub wszystkie z nich<br \/>powy\u017csze wy\u0142\u0105czenia i ograniczenia mog\u0105 nie mie\u0107 zastosowania w Twoim przypadku. Jednak w takim przypadku<br \/>wy\u0142\u0105czenia i ograniczenia okre\u015blone w niniejszej sekcji maj\u0105 zastosowanie do<br \/>w najszerszym zakresie dopuszczalnym przez obowi\u0105zuj\u0105ce prawo.<\/p><p>Prawo w\u0142a\u015bciwe <br \/>&#8212;&#8212;&#8212;&#8212;-<\/p><p>Obowi\u0105zuj\u0105 przepisy prawa danego kraju, z wy\u0142\u0105czeniem przepis\u00f3w kolizyjnych.<br \/>niniejsze Warunki i korzystanie z Us\u0142ugi. Korzystanie z Aplikacji mo\u017ce r\u00f3wnie\u017c<br \/>podlega\u0107 innym przepisom lokalnym, stanowym, krajowym lub mi\u0119dzynarodowym.<\/p><p>Rozstrzyganie spor\u00f3w <br \/>&#8212;&#8212;&#8212;&#8212;&#8212;&#8212;-<\/p><p>Je\u015bli masz jakiekolwiek w\u0105tpliwo\u015bci lub zastrze\u017cenia dotycz\u0105ce Us\u0142ugi, zgadzasz si\u0119 najpierw spr\u00f3bowa\u0107<br \/>rozwi\u0105za\u0107 sp\u00f3r nieformalnie, kontaktuj\u0105c si\u0119 z Firm\u0105.<\/p><p>Dla u\u017cytkownik\u00f3w z Unii Europejskiej (UE) <br \/>&#8212;&#8212;&#8212;&#8212;&#8212;&#8212;&#8212;&#8212;&#8212;&#8211;<\/p><p>Je\u015bli jeste\u015b konsumentem z Unii Europejskiej, b\u0119dziesz korzysta\u0107 z wszelkich obowi\u0105zkowych<br \/>przepisy prawa kraju, w kt\u00f3rym mieszkasz.<\/p><p>Zgodno\u015b\u0107 z przepisami prawa Stan\u00f3w Zjednoczonych <br \/>&#8212;&#8212;&#8212;&#8212;&#8212;&#8212;&#8212;&#8212;&#8212;&#8212;<\/p><p>O\u015bwiadczasz i gwarantujesz, \u017ce (i) nie znajdujesz si\u0119 w kraju, kt\u00f3ry jest<br \/>podlegaj\u0105ce embargu rz\u0105du Stan\u00f3w Zjednoczonych lub kt\u00f3re zosta\u0142y uznane za<br \/>przez rz\u0105d Stan\u00f3w Zjednoczonych jako kraj \u201cwspieraj\u0105cy terroryzm\u201d oraz (ii)<br \/>Nie figurujesz na \u017cadnej li\u015bcie os\u00f3b obj\u0119tych zakazem lub<br \/>ograniczone grupy os\u00f3b.<\/p><p>Rozdzielno\u015b\u0107 postanowie\u0144 i zrzeczenie si\u0119 praw <br \/>&#8212;&#8212;&#8212;&#8212;&#8212;&#8212;&#8212;&#8211;<\/p><p>Rozdzielno\u015b\u0107 postanowie\u0144 <br \/>~~~~~~~~~~~~<\/p><p>Je\u015bli kt\u00f3rekolwiek z postanowie\u0144 niniejszych Warunk\u00f3w zostanie uznane za niewykonalne lub niewa\u017cne, takie postanowienie<br \/>postanowienie zostanie zmienione i zinterpretowane w celu osi\u0105gni\u0119cia cel\u00f3w takiego<br \/>przepis w najszerszym zakresie dozwolonym przez obowi\u0105zuj\u0105ce prawo oraz<br \/>pozosta\u0142e postanowienia pozostaj\u0105 w mocy.<\/p><p>Zrzeczenie si\u0119 <br \/>~~~~~~<\/p><p>Z wyj\u0105tkiem przypadk\u00f3w okre\u015blonych w niniejszym dokumencie, niewykonanie prawa lub niewykonanie \u017c\u0105dania<br \/>wykonanie zobowi\u0105zania wynikaj\u0105cego z niniejszych Warunk\u00f3w nie ma wp\u0142ywu na stron\u0119<br \/>mo\u017cliwo\u015b\u0107 skorzystania z takiego prawa lub za\u017c\u0105dania takiego wykonania w dowolnym momencie<br \/>nie b\u0119dzie stanowi\u0107 zrzeczenia si\u0119 praw wynikaj\u0105cych z naruszenia, ani te\u017c zrzeczenie si\u0119 praw wynikaj\u0105cych z naruszenia nie b\u0119dzie stanowi\u0107 zrzeczenia si\u0119 praw wynikaj\u0105cych z jakiegokolwiek innego naruszenia.<br \/>kolejne naruszenie.<\/p><p>T\u0142umaczenia pisemne T\u0142umaczenia ustne <br \/>&#8212;&#8212;&#8212;&#8212;&#8212;&#8212;&#8212;&#8212;&#8211;<\/p><p>Niniejsze Warunki mog\u0142y zosta\u0107 przet\u0142umaczone, je\u015bli je sporz\u0105dzili\u015bmy.<br \/>dost\u0119pne dla Ciebie w naszym Serwisie. Wyra\u017casz zgod\u0119, \u017ce oryginalny tekst angielski<br \/>b\u0119dzie mia\u0142a pierwsze\u0144stwo w przypadku sporu.<\/p><p>Zmiany niniejszych warunk\u00f3w <br \/>&#8212;&#8212;&#8212;&#8212;&#8212;&#8212;&#8212;&#8212;&#8212;&#8212;&#8212;&#8212;-<\/p><p>Zastrzegamy sobie prawo, wed\u0142ug w\u0142asnego uznania, do modyfikowania lub zast\u0119powania niniejszych Warunk\u00f3w.<br \/>w dowolnym momencie. Je\u015bli zmiana ma charakter istotny, do\u0142o\u017cymy wszelkich stara\u0144, aby<br \/>powiadomi\u0107 z co najmniej 30-dniowym wyprzedzeniem przed wej\u015bciem w \u017cycie nowych warunk\u00f3w. Co<br \/>stanowi istotn\u0105 zmian\u0119, zostanie okre\u015blone wed\u0142ug naszego wy\u0142\u0105cznego uznania.<\/p><p>Kontynuuj\u0105c korzystanie z naszej us\u0142ugi po wprowadzeniu tych zmian<br \/>skuteczne, wyra\u017casz zgod\u0119 na przestrzeganie zmienionych warunk\u00f3w. Je\u015bli nie wyra\u017casz zgody na<br \/>nowe warunki, w ca\u0142o\u015bci lub w cz\u0119\u015bci, prosimy o zaprzestanie korzystania ze strony internetowej i<br \/>Serwis.<\/p><p>Skontaktuj si\u0119 z nami <br \/>&#8212;&#8212;&#8212;-<\/p><p>Je\u015bli masz jakiekolwiek pytania dotycz\u0105ce niniejszych Warunk\u00f3w, mo\u017cesz skontaktowa\u0107 si\u0119 z nami.<br \/>nas:<\/p><p>* E-mailem: info@americaneliteschool.pl<\/p><p>* Numer telefonu: +48 880 880 149<\/p><p>\u00a0<\/p><p>Ostatnia aktualizacja: 18 grudnia 2023 r.<\/p>\t\t\t\t\t\t\t\t<\/div>\n\t\t\t\t\t<\/div>\n\t\t<\/div>\n\t\t\t\t\t<\/div>\n\t\t<\/section>\n\t\t\t\t<section class=\"elementor-section elementor-top-section elementor-element elementor-element-6a87ed9 elementor-section-content-middle elementor-section-boxed elementor-section-height-default elementor-section-height-default\" data-id=\"6a87ed9\" data-element_type=\"section\" data-settings=\"{&quot;background_background&quot;:&quot;classic&quot;}\">\n\t\t\t\t\t\t<div class=\"elementor-container elementor-column-gap-no\">\n\t\t\t\t\t<div class=\"elementor-column elementor-col-100 elementor-top-column elementor-element elementor-element-0633a2f\" data-id=\"0633a2f\" data-element_type=\"column\">\n\t\t\t<div class=\"elementor-widget-wrap elementor-element-populated\">\n\t\t\t\t\t\t<section class=\"elementor-section elementor-inner-section elementor-element elementor-element-3cb78aa elementor-section-boxed elementor-section-height-default elementor-section-height-default\" data-id=\"3cb78aa\" data-element_type=\"section\">\n\t\t\t\t\t\t<div class=\"elementor-container elementor-column-gap-default\">\n\t\t\t\t\t<div class=\"elementor-column elementor-col-33 elementor-inner-column elementor-element elementor-element-2501283\" data-id=\"2501283\" data-element_type=\"column\">\n\t\t\t<div class=\"elementor-widget-wrap elementor-element-populated\">\n\t\t\t\t\t\t<div class=\"elementor-element elementor-element-41b336b elementor-widget elementor-widget-heading\" data-id=\"41b336b\" data-element_type=\"widget\" data-widget_type=\"heading.default\">\n\t\t\t\t\t<h2 class=\"elementor-heading-title elementor-size-default\">Zapisz si\u0119 do American Elite School<\/h2>\t\t\t\t<\/div>\n\t\t\t\t<div class=\"elementor-element elementor-element-49883e5 elementor-align-center elementor-widget elementor-widget-button\" data-id=\"49883e5\" data-element_type=\"widget\" data-widget_type=\"button.default\">\n\t\t\t\t\t\t\t\t\t\t<a class=\"elementor-button elementor-button-link elementor-size-sm elementor-animation-pulse-shrink\" href=\"#apply\">\n\t\t\t\t\t\t<span class=\"elementor-button-content-wrapper\">\n\t\t\t\t\t\t<span class=\"elementor-button-icon\">\n\t\t\t\t<svg aria-hidden=\"true\" class=\"e-font-icon-svg e-fas-long-arrow-alt-right\" viewbox=\"0 0 448 512\" xmlns=\"http:\/\/www.w3.org\/2000\/svg\"><path d=\"M313.941 216H12c-6.627 0-12 5.373-12 12v56c0 6.627 5.373 12 12 12h301.941v46.059c0 21.382 25.851 32.09 40.971 16.971l86.059-86.059c9.373-9.373 9.373-24.569 0-33.941l-86.059-86.059c-15.119-15.119-40.971-4.411-40.971 16.971V216z\"><\/path><\/svg>\t\t\t<\/span>\n\t\t\t\t\t\t\t\t\t<span class=\"elementor-button-text\">Zg\u0142o\u015b si\u0119 teraz<\/span>\n\t\t\t\t\t<\/span>\n\t\t\t\t\t<\/a>\n\t\t\t\t\t\t\t\t<\/div>\n\t\t\t\t\t<\/div>\n\t\t<\/div>\n\t\t\t\t<div class=\"elementor-column elementor-col-33 elementor-inner-column elementor-element elementor-element-1cb3f82\" data-id=\"1cb3f82\" data-element_type=\"column\">\n\t\t\t<div class=\"elementor-widget-wrap elementor-element-populated\">\n\t\t\t\t\t\t<div class=\"elementor-element elementor-element-bcdf0fd elementor-widget elementor-widget-heading\" data-id=\"bcdf0fd\" data-element_type=\"widget\" data-widget_type=\"heading.default\">\n\t\t\t\t\t<h2 class=\"elementor-heading-title elementor-size-default\">Media spo\u0142eczno\u015bciowe<\/h2>\t\t\t\t<\/div>\n\t\t\t\t<div class=\"elementor-element elementor-element-2073a90 elementor-shape-rounded elementor-grid-0 e-grid-align-center elementor-widget elementor-widget-social-icons\" data-id=\"2073a90\" data-element_type=\"widget\" data-widget_type=\"social-icons.default\">\n\t\t\t\t\t\t\t<div class=\"elementor-social-icons-wrapper elementor-grid\" role=\"list\">\n\t\t\t\t\t\t\t<span class=\"elementor-grid-item\" role=\"listitem\">\n\t\t\t\t\t<a class=\"elementor-icon elementor-social-icon elementor-social-icon-facebook-f elementor-repeater-item-993ef04\" href=\"https:\/\/www.facebook.com\/elite.school.american\" target=\"_blank\">\n\t\t\t\t\t\t<span class=\"elementor-screen-only\">Facebook-f<\/span>\n\t\t\t\t\t\t<svg aria-hidden=\"true\" class=\"e-font-icon-svg e-fab-facebook-f\" viewbox=\"0 0 320 512\" xmlns=\"http:\/\/www.w3.org\/2000\/svg\"><path d=\"M279.14 288l14.22-92.66h-88.91v-60.13c0-25.35 12.42-50.06 52.24-50.06h40.42V6.26S260.43 0 225.36 0c-73.22 0-121.08 44.38-121.08 124.72v70.62H22.89V288h81.39v224h100.17V288z\"><\/path><\/svg>\t\t\t\t\t<\/a>\n\t\t\t\t<\/span>\n\t\t\t\t\t\t\t<span class=\"elementor-grid-item\" role=\"listitem\">\n\t\t\t\t\t<a class=\"elementor-icon elementor-social-icon elementor-social-icon-instagram elementor-repeater-item-a229ff5\" href=\"https:\/\/www.instagram.com\/american_elite_school\/\" target=\"_blank\">\n\t\t\t\t\t\t<span class=\"elementor-screen-only\">Instagram<\/span>\n\t\t\t\t\t\t<svg aria-hidden=\"true\" class=\"e-font-icon-svg e-fab-instagram\" viewbox=\"0 0 448 512\" xmlns=\"http:\/\/www.w3.org\/2000\/svg\"><path d=\"M224.1 141c-63.6 0-114.9 51.3-114.9 114.9s51.3 114.9 114.9 114.9S339 319.5 339 255.9 287.7 141 224.1 141zm0 189.6c-41.1 0-74.7-33.5-74.7-74.7s33.5-74.7 74.7-74.7 74.7 33.5 74.7 74.7-33.6 74.7-74.7 74.7zm146.4-194.3c0 14.9-12 26.8-26.8 26.8-14.9 0-26.8-12-26.8-26.8s12-26.8 26.8-26.8 26.8 12 26.8 26.8zm76.1 27.2c-1.7-35.9-9.9-67.7-36.2-93.9-26.2-26.2-58-34.4-93.9-36.2-37-2.1-147.9-2.1-184.9 0-35.8 1.7-67.6 9.9-93.9 36.1s-34.4 58-36.2 93.9c-2.1 37-2.1 147.9 0 184.9 1.7 35.9 9.9 67.7 36.2 93.9s58 34.4 93.9 36.2c37 2.1 147.9 2.1 184.9 0 35.9-1.7 67.7-9.9 93.9-36.2 26.2-26.2 34.4-58 36.2-93.9 2.1-37 2.1-147.8 0-184.8zM398.8 388c-7.8 19.6-22.9 34.7-42.6 42.6-29.5 11.7-99.5 9-132.1 9s-102.7 2.6-132.1-9c-19.6-7.8-34.7-22.9-42.6-42.6-11.7-29.5-9-99.5-9-132.1s-2.6-102.7 9-132.1c7.8-19.6 22.9-34.7 42.6-42.6 29.5-11.7 99.5-9 132.1-9s102.7-2.6 132.1 9c19.6 7.8 34.7 22.9 42.6 42.6 11.7 29.5 9 99.5 9 132.1s2.7 102.7-9 132.1z\"><\/path><\/svg>\t\t\t\t\t<\/a>\n\t\t\t\t<\/span>\n\t\t\t\t\t<\/div>\n\t\t\t\t\t\t<\/div>\n\t\t\t\t\t<\/div>\n\t\t<\/div>\n\t\t\t\t<div class=\"elementor-column elementor-col-33 elementor-inner-column elementor-element elementor-element-1574131\" data-id=\"1574131\" data-element_type=\"column\">\n\t\t\t<div class=\"elementor-widget-wrap elementor-element-populated\">\n\t\t\t\t\t\t<div class=\"elementor-element elementor-element-503f32c elementor-widget elementor-widget-heading\" data-id=\"503f32c\" data-element_type=\"widget\" data-widget_type=\"heading.default\">\n\t\t\t\t\t<h2 class=\"elementor-heading-title elementor-size-default\">Polityka strony internetowej<\/h2>\t\t\t\t<\/div>\n\t\t\t\t<div class=\"elementor-element elementor-element-34b096e elementor-widget elementor-widget-text-editor\" data-id=\"34b096e\" data-element_type=\"widget\" data-widget_type=\"text-editor.default\">\n\t\t\t\t\t\t\t\t\t<p>Polityka prywatno\u015bci<\/p>\t\t\t\t\t\t\t\t<\/div>\n\t\t\t\t<div class=\"elementor-element elementor-element-bd461bb elementor-widget elementor-widget-text-editor\" data-id=\"bd461bb\" data-element_type=\"widget\" data-widget_type=\"text-editor.default\">\n\t\t\t\t\t\t\t\t\t<p>Polityka dotycz\u0105ca plik\u00f3w cookie<\/p>\t\t\t\t\t\t\t\t<\/div>\n\t\t\t\t<div class=\"elementor-element elementor-element-576c33b elementor-widget elementor-widget-text-editor\" data-id=\"576c33b\" data-element_type=\"widget\" data-widget_type=\"text-editor.default\">\n\t\t\t\t\t\t\t\t\t<p>Warunki<\/p>\t\t\t\t\t\t\t\t<\/div>\n\t\t\t\t\t<\/div>\n\t\t<\/div>\n\t\t\t\t\t<\/div>\n\t\t<\/section>\n\t\t\t\t\t<\/div>\n\t\t<\/div>\n\t\t\t\t\t<\/div>\n\t\t<\/section>\n\t\t\t\t<\/div>","protected":false},"excerpt":{"rendered":"<p>Terms and Conditions \u00a0 Interpretation and Definitions &#8212;&#8212;&#8212;&#8212;&#8212;&#8212;&#8212;&#8212;&#8212;&#8212; Interpretation ~~~~~~~~~~~~~~ The words of which the initial letter is capitalized have meanings definedunder the following conditions. The following definitions shall have the samemeaning regardless of whether they appear in singular or in plural. Definitions ~~~~~~~~~~~ For the purposes of these Terms and Conditions: * Affiliate means [&hellip;]<\/p>","protected":false},"author":1,"featured_media":0,"parent":0,"menu_order":0,"comment_status":"closed","ping_status":"closed","template":"","meta":{"footnotes":""},"class_list":["post-1673","page","type-page","status-publish","hentry"],"_links":{"self":[{"href":"https:\/\/americaneliteschool.pl\/pl\/wp-json\/wp\/v2\/pages\/1673","targetHints":{"allow":["GET"]}}],"collection":[{"href":"https:\/\/americaneliteschool.pl\/pl\/wp-json\/wp\/v2\/pages"}],"about":[{"href":"https:\/\/americaneliteschool.pl\/pl\/wp-json\/wp\/v2\/types\/page"}],"author":[{"embeddable":true,"href":"https:\/\/americaneliteschool.pl\/pl\/wp-json\/wp\/v2\/users\/1"}],"replies":[{"embeddable":true,"href":"https:\/\/americaneliteschool.pl\/pl\/wp-json\/wp\/v2\/comments?post=1673"}],"version-history":[{"count":7,"href":"https:\/\/americaneliteschool.pl\/pl\/wp-json\/wp\/v2\/pages\/1673\/revisions"}],"predecessor-version":[{"id":1681,"href":"https:\/\/americaneliteschool.pl\/pl\/wp-json\/wp\/v2\/pages\/1673\/revisions\/1681"}],"wp:attachment":[{"href":"https:\/\/americaneliteschool.pl\/pl\/wp-json\/wp\/v2\/media?parent=1673"}],"curies":[{"name":"wp","href":"https:\/\/api.w.org\/{rel}","templated":true}]}}